{"id":10,"date":"2024-05-23T14:10:19","date_gmt":"2024-05-23T14:10:19","guid":{"rendered":"https:\/\/test.die-maker-der-egg.de\/?page_id=10"},"modified":"2024-05-29T21:01:09","modified_gmt":"2024-05-29T21:01:09","slug":"praxis","status":"publish","type":"page","link":"https:\/\/test.die-maker-der-egg.de\/?page_id=10","title":{"rendered":"Praxis\/Anfahrt"},"content":{"rendered":"\n<h3 class=\"wp-block-heading\">Kontakt<\/h3>\n\n\n\n<p><strong>Tierarztpraxis Alexandra Hildering<\/strong><br>Brauerstr. 54<br>46236 Bottrop<\/p>\n\n\n\n<p><strong>Telefon:<\/strong> 02041-685837<br><strong>E-Mail:<\/strong> <a>info@tierarztpraxis-hildering.de<\/a><\/p>\n\n\n\n<hr class=\"wp-block-separator has-alpha-channel-opacity\"\/>\n\n\n\n<p>Haben Sie Fragen oder ben\u00f6tigen Sie weitere Informationen? Wir sind gerne f\u00fcr Sie da! Sie erreichen uns telefonisch morgens ab 9:00 Uhr und nachmittags ab 15:00 Uhr unter der Nummer 02041-685837.<\/p>\n\n\n\n<p>Bevorzugen Sie es, uns zu schreiben? Kein Problem! Senden Sie uns eine E-Mail an <a>info@tierarztpraxis-hildering.de<\/a>.<\/p>\n\n\n\n<hr class=\"wp-block-separator has-alpha-channel-opacity\"\/>\n\n\n\n<h3 class=\"wp-block-heading\">Anfahrt und Parkm\u00f6glichkeiten<\/h3>\n\n\n\n<p>Unsere Praxis befindet sich in der Brauerstr. 54, 46236 Bottrop. F\u00fcr Ihre Bequemlichkeit stehen Ihnen im Innenhof drei Parkpl\u00e4tze zur Verf\u00fcgung. So k\u00f6nnen Sie Ihren Besuch bei uns stressfrei und unkompliziert gestalten.<\/p>\n\n\n\n<p>Wir freuen uns darauf, von Ihnen zu h\u00f6ren und Sie und Ihre tierischen Freunde bei uns begr\u00fc\u00dfen zu d\u00fcrfen!<\/p>\n","protected":false},"excerpt":{"rendered":"<p>Kontakt Tierarztpraxis Alexandra HilderingBrauerstr. 5446236 Bottrop Telefon: 02041-685837E-Mail: info@tierarztpraxis-hildering.de Haben Sie Fragen oder ben\u00f6tigen Sie weitere Informationen? Wir sind gerne f\u00fcr Sie da! Sie erreichen uns telefonisch morgens ab 9:00 Uhr und nachmittags ab 15:00 Uhr unter der Nummer 02041-685837. Bevorzugen Sie es, uns zu schreiben? Kein Problem! Senden Sie uns eine E-Mail an info@tierarztpraxis-hildering.de&#8230;.<\/p>\n","protected":false},"author":1,"featured_media":0,"parent":0,"menu_order":0,"comment_status":"closed","ping_status":"closed","template":"","meta":{"_kad_post_transparent":"","_kad_post_title":"","_kad_post_layout":"","_kad_post_sidebar_id":"","_kad_post_content_style":"","_kad_post_vertical_padding":"","_kad_post_feature":"","_kad_post_feature_position":"","_kad_post_header":false,"_kad_post_footer":false,"footnotes":""},"class_list":["post-10","page","type-page","status-publish","hentry"],"_links":{"self":[{"href":"https:\/\/test.die-maker-der-egg.de\/index.php?rest_route=\/wp\/v2\/pages\/10","targetHints":{"allow":["GET"]}}],"collection":[{"href":"https:\/\/test.die-maker-der-egg.de\/index.php?rest_route=\/wp\/v2\/pages"}],"about":[{"href":"https:\/\/test.die-maker-der-egg.de\/index.php?rest_route=\/wp\/v2\/types\/page"}],"author":[{"embeddable":true,"href":"https:\/\/test.die-maker-der-egg.de\/index.php?rest_route=\/wp\/v2\/users\/1"}],"replies":[{"embeddable":true,"href":"https:\/\/test.die-maker-der-egg.de\/index.php?rest_route=%2Fwp%2Fv2%2Fcomments&post=10"}],"version-history":[{"count":5,"href":"https:\/\/test.die-maker-der-egg.de\/index.php?rest_route=\/wp\/v2\/pages\/10\/revisions"}],"predecessor-version":[{"id":109,"href":"https:\/\/test.die-maker-der-egg.de\/index.php?rest_route=\/wp\/v2\/pages\/10\/revisions\/109"}],"wp:attachment":[{"href":"https:\/\/test.die-maker-der-egg.de\/index.php?rest_route=%2Fwp%2Fv2%2Fmedia&parent=10"}],"curies":[{"name":"wp","href":"https:\/\/api.w.org\/{rel}","templated":true}]}}