{"id":12,"date":"2024-05-23T14:10:32","date_gmt":"2024-05-23T14:10:32","guid":{"rendered":"https:\/\/test.die-maker-der-egg.de\/?page_id=12"},"modified":"2025-07-20T16:38:12","modified_gmt":"2025-07-20T16:38:12","slug":"leistungen","status":"publish","type":"page","link":"https:\/\/test.die-maker-der-egg.de\/?page_id=12","title":{"rendered":"Leistungen"},"content":{"rendered":"\n<p class=\"has-text-align-center\">Wir verstehen uns als die Allgemeinmediziner unter den Tier\u00e4rzten. Ob eingerissene Kralle, Blasenentz\u00fcndung oder Vorsorgeuntersuchung \u2013 wir helfen Ihnen und Ihren tierischen Freunden gerne.<\/p>\n\n\n\n<p class=\"has-text-align-center\">Da sich die meisten Erkrankungen nicht wirklich vorher ank\u00fcndigen, f\u00fchren wir eine offene Sprechstunde, in der Sie jederzeit willkommen sind. Zeitaufwendigere Untersuchungen wie z. B. Ultraschalluntersuchungen oder das Anfertigen von mehreren R\u00f6ntgenbildern terminieren wir gerne in Absprache mit Ihnen. <\/p>\n\n\n<div class=\"wp-block-image\">\n<figure class=\"aligncenter size-large is-resized\"><img loading=\"lazy\" decoding=\"async\" width=\"1024\" height=\"1024\" src=\"https:\/\/test.die-maker-der-egg.de\/wp-content\/uploads\/2024\/05\/image-3-1024x1024.png\" alt=\"\" class=\"wp-image-82\" style=\"width:193px;height:auto\" srcset=\"https:\/\/test.die-maker-der-egg.de\/wp-content\/uploads\/2024\/05\/image-3.png 1024w, https:\/\/test.die-maker-der-egg.de\/wp-content\/uploads\/2024\/05\/image-3-300x300.png 300w, https:\/\/test.die-maker-der-egg.de\/wp-content\/uploads\/2024\/05\/image-3-150x150.png 150w, https:\/\/test.die-maker-der-egg.de\/wp-content\/uploads\/2024\/05\/image-3-768x768.png 768w, https:\/\/test.die-maker-der-egg.de\/wp-content\/uploads\/2024\/05\/image-3-1536x1536.png 1536w, https:\/\/test.die-maker-der-egg.de\/wp-content\/uploads\/2024\/05\/image-3-2048x2048.png 2048w\" sizes=\"auto, (max-width: 1024px) 100vw, 1024px\" \/><\/figure><\/div>\n\n\n<p class=\"has-text-align-center\">Wie Sie somit schon gelesen haben, nutzen wir in unserer Praxis sowohl Ultraschall und digitales R\u00f6ntgen als auch unser internes Labor, um eine z\u00fcgige Diagnostik zu erm\u00f6glichen!<\/p>\n\n\n\n<p><\/p>\n","protected":false},"excerpt":{"rendered":"<p>Wir verstehen uns als die Allgemeinmediziner unter den Tier\u00e4rzten. Ob eingerissene Kralle, Blasenentz\u00fcndung oder Vorsorgeuntersuchung \u2013 wir helfen Ihnen und Ihren tierischen Freunden gerne. Da sich die meisten Erkrankungen nicht wirklich vorher ank\u00fcndigen, f\u00fchren wir eine offene Sprechstunde, in der Sie jederzeit willkommen sind. Zeitaufwendigere Untersuchungen wie z. B. Ultraschalluntersuchungen oder das Anfertigen von mehreren&#8230;<\/p>\n","protected":false},"author":1,"featured_media":0,"parent":0,"menu_order":0,"comment_status":"closed","ping_status":"closed","template":"","meta":{"_kad_post_transparent":"","_kad_post_title":"","_kad_post_layout":"","_kad_post_sidebar_id":"","_kad_post_content_style":"","_kad_post_vertical_padding":"","_kad_post_feature":"","_kad_post_feature_position":"","_kad_post_header":false,"_kad_post_footer":false,"footnotes":""},"class_list":["post-12","page","type-page","status-publish","hentry"],"_links":{"self":[{"href":"https:\/\/test.die-maker-der-egg.de\/index.php?rest_route=\/wp\/v2\/pages\/12","targetHints":{"allow":["GET"]}}],"collection":[{"href":"https:\/\/test.die-maker-der-egg.de\/index.php?rest_route=\/wp\/v2\/pages"}],"about":[{"href":"https:\/\/test.die-maker-der-egg.de\/index.php?rest_route=\/wp\/v2\/types\/page"}],"author":[{"embeddable":true,"href":"https:\/\/test.die-maker-der-egg.de\/index.php?rest_route=\/wp\/v2\/users\/1"}],"replies":[{"embeddable":true,"href":"https:\/\/test.die-maker-der-egg.de\/index.php?rest_route=%2Fwp%2Fv2%2Fcomments&post=12"}],"version-history":[{"count":6,"href":"https:\/\/test.die-maker-der-egg.de\/index.php?rest_route=\/wp\/v2\/pages\/12\/revisions"}],"predecessor-version":[{"id":100,"href":"https:\/\/test.die-maker-der-egg.de\/index.php?rest_route=\/wp\/v2\/pages\/12\/revisions\/100"}],"wp:attachment":[{"href":"https:\/\/test.die-maker-der-egg.de\/index.php?rest_route=%2Fwp%2Fv2%2Fmedia&parent=12"}],"curies":[{"name":"wp","href":"https:\/\/api.w.org\/{rel}","templated":true}]}}