{"id":16,"date":"2024-05-23T14:11:07","date_gmt":"2024-05-23T14:11:07","guid":{"rendered":"https:\/\/test.die-maker-der-egg.de\/?page_id=16"},"modified":"2025-10-17T09:05:01","modified_gmt":"2025-10-17T09:05:01","slug":"sprechstundenzeiten","status":"publish","type":"page","link":"https:\/\/test.die-maker-der-egg.de\/?page_id=16","title":{"rendered":"Sprechstundenzeiten"},"content":{"rendered":"<div class=\"wp-block-image\">\n<figure class=\"aligncenter size-large is-resized\"><img loading=\"lazy\" decoding=\"async\" width=\"1024\" height=\"1024\" src=\"https:\/\/test.die-maker-der-egg.de\/wp-content\/uploads\/2024\/05\/image-1-1024x1024.png\" alt=\"\" class=\"wp-image-76\" style=\"width:165px;height:auto\" srcset=\"https:\/\/test.die-maker-der-egg.de\/wp-content\/uploads\/2024\/05\/image-1-1024x1024.png 1024w, https:\/\/test.die-maker-der-egg.de\/wp-content\/uploads\/2024\/05\/image-1-300x300.png 300w, https:\/\/test.die-maker-der-egg.de\/wp-content\/uploads\/2024\/05\/image-1-150x150.png 150w, https:\/\/test.die-maker-der-egg.de\/wp-content\/uploads\/2024\/05\/image-1-768x768.png 768w, https:\/\/test.die-maker-der-egg.de\/wp-content\/uploads\/2024\/05\/image-1-1536x1536.png 1536w, https:\/\/test.die-maker-der-egg.de\/wp-content\/uploads\/2024\/05\/image-1-2048x2048.png 2048w, https:\/\/test.die-maker-der-egg.de\/wp-content\/uploads\/2024\/05\/image-1.png 270w\" sizes=\"auto, (max-width: 1024px) 100vw, 1024px\" \/><\/figure><\/div>\n\n\n<p class=\"has-text-align-center\">Mo, Di, Do, Fr:<br>11:00 &#8211; 13:00 Uhr<br>16:00 &#8211; 19:00 Uhr<\/p>\n\n\n\n<p class=\"has-text-align-center\">Mi:<br>11:00 &#8211; 13:00 Uhr<br><\/p>\n\n\n\n<p class=\"has-text-align-center\">Sa:<br>10:00 &#8211; 12:00 Uhr<\/p>\n\n\n\n<p class=\"has-text-align-center\"><strong>Bitte beachten Sie:<\/strong><\/p>\n\n\n\n<p class=\"has-text-align-center\">Annahmeschluss am Mo, Mi und Fr jeweils eine Stunde vor Sprechstundenende<\/p>\n\n\n\n<p class=\"has-text-align-center\">Annahmeschluss am Di und Do eine halbe Stunde vor Sprechstundenende<\/p>\n\n\n\n<p class=\"has-text-align-center\"> Wir sind sicher, dass Sie Verst\u00e4ndnis daf\u00fcr haben, denn auch dann arbeiten wir f\u00fcr Sie und betreuen unsere Stationstiere, setzen Kotproben an, bereiten Medikamente zur Abholung vor oder betreuen das hiesige Tierheim.<\/p>\n\n\n\n<p><\/p>\n","protected":false},"excerpt":{"rendered":"<p>Mo, Di, Do, Fr:11:00 &#8211; 13:00 Uhr16:00 &#8211; 19:00 Uhr Mi:11:00 &#8211; 13:00 Uhr Sa:10:00 &#8211; 12:00 Uhr Bitte beachten Sie: Annahmeschluss am Mo, Mi und Fr jeweils eine Stunde vor Sprechstundenende Annahmeschluss am Di und Do eine halbe Stunde vor Sprechstundenende Wir sind sicher, dass Sie Verst\u00e4ndnis daf\u00fcr haben, denn auch dann arbeiten wir&#8230;<\/p>\n","protected":false},"author":1,"featured_media":0,"parent":0,"menu_order":0,"comment_status":"closed","ping_status":"closed","template":"","meta":{"_kad_post_transparent":"","_kad_post_title":"","_kad_post_layout":"","_kad_post_sidebar_id":"","_kad_post_content_style":"","_kad_post_vertical_padding":"","_kad_post_feature":"","_kad_post_feature_position":"","_kad_post_header":false,"_kad_post_footer":false,"footnotes":""},"class_list":["post-16","page","type-page","status-publish","hentry"],"_links":{"self":[{"href":"https:\/\/test.die-maker-der-egg.de\/index.php?rest_route=\/wp\/v2\/pages\/16","targetHints":{"allow":["GET"]}}],"collection":[{"href":"https:\/\/test.die-maker-der-egg.de\/index.php?rest_route=\/wp\/v2\/pages"}],"about":[{"href":"https:\/\/test.die-maker-der-egg.de\/index.php?rest_route=\/wp\/v2\/types\/page"}],"author":[{"embeddable":true,"href":"https:\/\/test.die-maker-der-egg.de\/index.php?rest_route=\/wp\/v2\/users\/1"}],"replies":[{"embeddable":true,"href":"https:\/\/test.die-maker-der-egg.de\/index.php?rest_route=%2Fwp%2Fv2%2Fcomments&post=16"}],"version-history":[{"count":6,"href":"https:\/\/test.die-maker-der-egg.de\/index.php?rest_route=\/wp\/v2\/pages\/16\/revisions"}],"predecessor-version":[{"id":119,"href":"https:\/\/test.die-maker-der-egg.de\/index.php?rest_route=\/wp\/v2\/pages\/16\/revisions\/119"}],"wp:attachment":[{"href":"https:\/\/test.die-maker-der-egg.de\/index.php?rest_route=%2Fwp%2Fv2%2Fmedia&parent=16"}],"curies":[{"name":"wp","href":"https:\/\/api.w.org\/{rel}","templated":true}]}}